{"id":183,"date":"2020-12-18T08:06:56","date_gmt":"2020-12-18T07:06:56","guid":{"rendered":"http:\/\/relaunch.awm-halstenbek.de\/?page_id=183"},"modified":"2026-04-30T17:34:45","modified_gmt":"2026-04-30T15:34:45","slug":"datenschutz","status":"publish","type":"page","link":"https:\/\/awm-halstenbek.de\/?page_id=183","title":{"rendered":"Datenschutzerkl\u00e4rung"},"content":{"rendered":"\t\t<div data-elementor-type=\"wp-page\" data-elementor-id=\"183\" class=\"elementor elementor-183\">\n\t\t\t\t\t\t<section class=\"elementor-section elementor-top-section elementor-element elementor-element-3b362780 elementor-section-boxed elementor-section-height-default elementor-section-height-default\" data-id=\"3b362780\" data-element_type=\"section\" data-e-type=\"section\">\n\t\t\t\t\t\t<div class=\"elementor-container elementor-column-gap-default\">\n\t\t\t\t\t<div class=\"elementor-column elementor-col-100 elementor-top-column elementor-element elementor-element-623432ea\" data-id=\"623432ea\" data-element_type=\"column\" data-e-type=\"column\">\n\t\t\t<div class=\"elementor-widget-wrap elementor-element-populated\">\n\t\t\t\t\t\t<div class=\"elementor-element elementor-element-f410bf6 elementor-widget elementor-widget-heading\" data-id=\"f410bf6\" data-element_type=\"widget\" data-e-type=\"widget\" data-widget_type=\"heading.default\">\n\t\t\t\t<div class=\"elementor-widget-container\">\n\t\t\t\t\t<h2 class=\"elementor-heading-title elementor-size-default\">Datenschutzerkl\u00e4rung<\/h2>\t\t\t\t<\/div>\n\t\t\t\t<\/div>\n\t\t\t\t<div class=\"elementor-element elementor-element-4fe6539a elementor-widget elementor-widget-text-editor\" data-id=\"4fe6539a\" data-element_type=\"widget\" data-e-type=\"widget\" data-widget_type=\"text-editor.default\">\n\t\t\t\t<div class=\"elementor-widget-container\">\n\t\t\t\t\t\t\t\t\t<p><b>1. Allgemeines<\/b><\/p><p><b>1.1 Was sind personenbezogene Daten<\/b><br \/>Personenbezogene Daten sind Angaben, die die Identit\u00e4t des Nutzers offenlegen oder offenlegen k\u00f6nnen. Wir halten uns an den Grundsatz der Datenvermeidung. Es wird soweit wie m\u00f6glich auf die Erhebung von personenbezogenen Daten verzichtet.<\/p><p><b>1.2 Umgang mit personenbezogenen Daten<\/b><br \/>Personenbezogene Daten dienen ausschlie\u00dflich der Vertragsbegr\u00fcndung, inhaltlichen Ausgestaltung, Durchf\u00fchrung oder Abwicklung des Vertragsverh\u00e4ltnisses (Art. 6 I S. 1 b DSGVO).<\/p><p>Dar\u00fcber hinaus werden personenbezogene Daten nur verarbeitet, soweit wir hierzu Ihre Einwilligung erhalten haben (Art. 6 I S. 1 a DSGVO) bzw. es sich um Daten handelt, deren Verarbeitung f\u00fcr unsere berechtigten Interessen erforderlich ist und soweit die Abw\u00e4gung ergibt, dass keine \u00fcberwiegenden Interessen, Grundrechte oder Grundfreiheiten Ihrerseits entgegenstehen (Art. 6 I S. 1 f DSGVO).<\/p><p>Wir k\u00f6nnen zur Verarbeitung Ihrer personenbezogenen Daten Auftragsverarbeiter verwenden, werden die personenbezogenen Daten dar\u00fcber hinaus aber grunds\u00e4tzlich nicht an Dritte weitergeben.<\/p><p>Lediglich zur Vertragserf\u00fcllung werden die Daten an das mit der Lieferung beauftragte Versandunternehmen weitergegeben, soweit dies zur Lieferung bestellter Waren erforderlich ist. Zur Abwicklung von Zahlungen werden die hierf\u00fcr erforderlichen Zahlungsdaten an das mit der Zahlung beauftragte Kreditinstitut und ggf. den beauftragten und gew\u00e4hlten Zahlungsdienstleister weitergegeben.<\/p><p>Die Verarbeitung Ihrer personenbezogenen Daten erfolgt ausschlie\u00dflich innerhalb der EU, soweit nachfolgend nicht etwas Abweichendes dargelegt ist.<\/p><p><b>1.3 Nutzungsdaten<\/b><br \/>Beim Besuch der Webseite werden allgemeine technische Informationen erhoben. Dies sind die verwendete IP-Adresse, Uhrzeit, Dauer des Besuchs, Browsertyp und ggf. die Herkunftsseite. Diese Nutzungsdaten werden technisch bedingt in einem Logfile registriert und k\u00f6nnen zum Zwecke der Statistikauswertung dieser Webseite benutzt und gespeichert werden. Eine Verkn\u00fcpfung dieser Nutzungsdaten mit Ihren weiteren personenbezogenen Daten findet nicht statt.<\/p><p><b>1.4 Dauer der Speicherung<\/b><br \/>Wir speichern Ihre personenbezogenen Daten nach der Beendigung des Zwecks, f\u00fcr welchen die Daten erhoben wurden, nur solange, wie dies auf Grund der gesetzlichen (insbesondere steuerrechtlichen) Vorschriften erforderlich ist.<\/p><p><b>2. Ihre Rechte<\/b><\/p><p><b>2.1 Auskunft<\/b><br \/>Sie k\u00f6nnen von uns eine Auskunft dar\u00fcber verlangen, ob wir personenbezogene Daten von Ihnen verarbeiten und soweit dies der Fall ist haben Sie ein Recht auf Auskunft \u00fcber diese personenbezogenen Daten und auf die in Art. 15 DSGVO genannten weiteren Informationen.<\/p><p><b>2.2 Recht auf Berichtigung<\/b><br \/>Sie haben das Recht auf Berichtigung der Sie betreffenden unrichtigen personenbezogenen Daten und k\u00f6nnen gem\u00e4\u00df Art. 16 DSGVO die Vervollst\u00e4ndigung unvollst\u00e4ndiger personenbezogener Daten verlangen.<\/p><p><b>2.3 Recht auf L\u00f6schung<\/b><br \/>Sie haben das Recht von uns zu verlangen, dass die Sie betreffenden personenbezogenen Daten unverz\u00fcglich gel\u00f6scht werden. Wir sind verpflichtet diese unverz\u00fcglich zu l\u00f6schen, insbesondere sofern einer der folgenden Gr\u00fcnde zutrifft:<span class=\"Apple-converted-space\">\u00a0<\/span><\/p><ul><li>Ihre personenbezogenen Daten sind f\u00fcr die Zwecke, f\u00fcr die sie erhoben oder auf sonstige Weise verarbeitet wurden, nicht mehr notwendig.<\/li><li>Sie widerrufen ihre Einwilligung, auf die sich die Verarbeitung Ihrer Daten st\u00fctzte, und es fehlt an einer anderweitigen Rechtsgrundlage f\u00fcr die Verarbeitung.<\/li><li>Ihre Daten wurden unrechtm\u00e4\u00dfig verarbeitet.<\/li><\/ul><p>Das Recht auf L\u00f6schung besteht nicht, soweit Ihre personenbezogenen Daten zur Geltendmachung, Aus\u00fcbung oder Verteidigung unserer Rechtsanspr\u00fcche erforderlich sind.<\/p><p><b>2.4 Recht auf Einschr\u00e4nkung der Verarbeitung<\/b><br \/>Sie haben das Recht von uns die Einschr\u00e4nkung der Verarbeitung Ihrer personenbezogenen Daten zu verlangen, wenn<span class=\"Apple-converted-space\">\u00a0<\/span><\/p><ul><li>Sie die Richtigkeit der Daten bestreiten und wir daher die Richtigkeit \u00fcberpr\u00fcfen,<\/li><li>die Verarbeitung unrechtm\u00e4\u00dfig ist und Sie die L\u00f6schung ablehnen und stattdessen die Einschr\u00e4nkung der Nutzung verlangen<\/li><li>wir die Daten nicht l\u00e4nger ben\u00f6tigen, Sie diese jedoch zur Geltendmachung, Aus\u00fcbung oder Verteidigung von Rechtsanspr\u00fcchen ben\u00f6tigen,<\/li><li>Sie Widerspruch gegen die Verarbeitung Ihrer Daten eingelegt haben, und noch nicht feststeht, ob unsere berechtigten Gr\u00fcnde gegen\u00fcber Ihren Gr\u00fcnden \u00fcberwiegen.<\/li><\/ul><p><b>2.5 Recht auf Daten\u00fcbertragbarkeit<\/b><br \/>Sie haben das Recht die Sie betreffenden personenbezogenen Daten, die Sie uns bereitgestellt haben, in einem strukturierten, g\u00e4ngigen und maschinenlesbaren Format zu erhalten und Sie haben das Recht, diese Daten einem anderen Verantwortlichen ohne Behinderung durch uns zu \u00fcbermitteln, sofern die Verarbeitung auf einer Einwilligung oder einem Vertrag beruht und die Verarbeitung bei uns mithilfe automatisierter Verfahren erfolgt.<\/p><p><b>2.6 Widerrufsrecht<\/b><br \/>Soweit die Verarbeitung Ihrer personenbezogenen Daten auf einer Einwilligung beruht, haben Sie das Recht diese Einwilligung jederzeit zu widerrufen.<\/p><p><b>2.7 Allgemeines und Beschwerderecht<\/b><br \/>Die Aus\u00fcbung Ihrer vorstehenden Rechte ist f\u00fcr Sie grunds\u00e4tzlich kostenlos. Sie haben das Recht sich bei Beschwerden direkt an die f\u00fcr uns zust\u00e4ndige Aufsichtsbeh\u00f6rde, den Landesdatenschutzbeauftragen, zu wenden.<\/p><p><b>3. Datensicherheit<\/b><\/p><p><b>3.1 Datensicherheit<\/b><br \/>S\u00e4mtliche Daten auf unserer Website werden durch technische und organisatorische Ma\u00dfnahmen gegen Verlust, Zerst\u00f6rung, Zugriff, Ver\u00e4nderung und Verbreitung gesichert.<\/p><p><b>3.2 Sessions und Cookies<\/b><br \/>Zur Bedienung des Internetauftritts setzen wir Cookies bzw. serverseitige Sessions ein, in denen Daten gespeichert werden k\u00f6nnen. Wir stellen sicher, dass ohne Ihre ausdr\u00fcckliche Einwilligung keine personenbezogenen Daten aus Sessions oder durch Cookies \u00fcbernommen werden und Cookies nur eingesetzt werden, sofern dies f\u00fcr die Website technisch erforderlich ist (z.B. Spamschutz bei Kontaktformular, Warenkorbfunktion) und somit die Abw\u00e4gung ergibt, dass keine \u00fcberwiegenden Interessen Ihrerseits entgegenstehen (Art. 6 I S. 1 f DSGVO) bzw. eine ausdr\u00fcckliche Einwilligung Ihrerseits vorliegt. <br \/>Wir verwenden nach Ihrer ausdr\u00fccklichen Einwilligung Cookies, um Inhalte und Anzeigen zu personalisieren, Funktionen f\u00fcr soziale Medien anbieten zu k\u00f6nnen und die Zugriffe auf unsere Website zu analysieren. Die Informationen zu Ihrer Verwendung unserer Website k\u00f6nnen wir mit Ihrer Einwilligung an unsere Partner f\u00fcr soziale Medien, Werbung und Analysen weitergeben. Unsere Partner k\u00f6nnen m\u00f6glicherweise diese Informationen mit weiteren Daten zusammenf\u00fchren, die die Partner bereits von Ihnen besitzen. <br \/>Nachfolgend finden Sie die Domain, den Namen und die Laufzeit der nur auf Grund Ihrer Einwilligung genutzten Cookies:<\/p><p><i>Seiteneigene Cookies<\/i><br \/>Domain Name Laufzeit<\/p><p><i>Drittanbieter Cookies<\/i><br \/>Domain Name Laufzeit<\/p><p>Sie k\u00f6nnen die Cookie Einstellungen <a href=\"\/#gdpr_cookie_modal\">hier bearbeiten<\/a>.<\/p><p><b>4. Pr\u00e4senz auf Social Media Plattformen<\/b><br \/>Wir nutzen nachfolgende Social Media Plattformen zur Unternehmensdarstellung und Kommunikation (auf die nachfolgend verlinkten Datenschutzerkl\u00e4rungen und OptOut-M\u00f6glichkeiten wird ausdr\u00fccklich Bezug genommen).<\/p><p><i>Facebook (Facebook Ireland Ltd., 4 Grand Canal Square, Grand Canal Harbour, Dublin 2, Irland)<br \/>Datenschutzerkl\u00e4rung: https:\/\/www.facebook.com\/about\/privacy\/<br \/>Opt-Out: https:\/\/www.youronlinechoices.com<span class=\"Apple-converted-space\">\u00a0<\/span><\/i><\/p><p>Diese Social-Media-Plattformen k\u00f6nnen ggf. personenbezogene Daten au\u00dferhalb der EU verarbeiten, wir verweisen insoweit auf die vorstehenden Datenschutzerkl\u00e4rungen der Social Media Plattformen.<br \/>Die jeweiligen Social-Media-Plattformen k\u00f6nnen ggf. aus Ihrem Nutzungsverhalten und den sich hieraus ergebenden Interessen uns Aktionen Ihrerseits Nutzungsprofile erstellen und Cookies auf Ihrem Rechner speichern, in denen Ihr Nutzungsverhalten gespeichert ist. Wenn Sie auf der jeweiligen Social-Media-Plattform einen Account besitzen und eingeloggt sind, kann Ihr Nutzungsverhalten sogar ger\u00e4teunabh\u00e4ngig gespeichert werden. Ihr Nutzungsprofil kann verwendet werden, um z.B. Werbeanzeigen zu platzieren, die mutma\u00dflich Ihren Interessen entsprechen.<\/p><p>Wir verarbeiten die personenbezogenen Daten ausschlie\u00dflich zur Kommunikation mit Ihnen \u00fcber die von Ihnen gew\u00e4hlte Social-Media-Plattform sowie zur Optimierung unserer Onlinepr\u00e4senz und achten darauf, dass hier keine Interessen Ihrerseits betroffen sind, welche dieses berechtigte Interesse unsererseits \u00fcberwiegen (Art. 6 I S. 1 f DSGVO). Soweit Sie bereits dem jeweiligen Betreiber der Social-Media-Plattform eine wirksame Einwilligung zur entsprechenden Datenverarbeitung gegeben haben, erfolgt die Verarbeitung Ihrer personenbezogenen Daten auch auf Basis dieser Einwilligung (Art. 6 I S. 1 a DSGVO).<\/p><p><b>5. Dienste von Drittanbietern<\/b><\/p><p><b>5.1 Nutzung von Google Maps<\/b><br \/>Diese Website benutzt Google Maps, einen Kartendienst von Google, betrieben von der Google Ireland Limited, Gordon House, Barrow Street, Dublin 4, Irland (\u201eGoogle\u201c). Bei der Nutzung von Google Maps werden auch Daten \u00fcber die Nutzung der Maps-Funktionen durch Besucher der Webseiten erhoben, verarbeitet und genutzt. Hier sind keine Interessen der Nutzer betroffen, welche diese technische Notwendigkeit der Einbindung des interaktiven Kartenmaterials \u00fcberwiegen (Art. 6 I S. 1 f DSGVO). Die Datenschutzhinweise von Google k\u00f6nnen Sie auf http:\/\/www.google.de\/intl\/de\/policies\/privacy\/ einsehen. Die zus\u00e4tzlichen Nutzungshinweise f\u00fcr Google Maps k\u00f6nnen Sie auf http:\/\/www.google.com\/intl\/de_de\/help\/terms_maps.html einsehen.<\/p><p><b>5.2 Nutzung von Google ReCAPTCHA<\/b><br \/>Diese Website nutzt den Dienst reCAPTCHA des Unternehmens Google Ireland Limited, Gordon House, Barrow Street, Dublin 4, Irland (\u201eGoogle\u201c). Die Funktion dient der Unterscheidung, ob die Eingabe durch einen Menschen oder missbr\u00e4uchlich durch automatisierte, maschinelle Verarbeitung erfolgt. Die Abfrage schlie\u00dft den Versand der IP-Adresse und ggf. weiterer von Google f\u00fcr den Dienst reCAPTCHA ben\u00f6tigter Daten an Google ein. Zu diesem Zweck wird Ihre Eingabe an Google \u00fcbermittelt und dort weiterverwendet. Ihre IP-Adresse wird von Google jedoch innerhalb von Mitgliedstaaten der Europ\u00e4ischen Union oder in anderen Vertragsstaaten des Abkommens \u00fcber den Europ\u00e4ischen Wirtschaftsraum zuvor gek\u00fcrzt. Nur in Ausnahmef\u00e4llen wird die volle IP-Adresse an einen Server von Google in den USA \u00fcbertragen und dort gek\u00fcrzt. Die im Rahmen von reCaptcha von Ihrem Browser \u00fcbermittelte IP-Adresse wird nicht mit anderen Daten von Google zusammengef\u00fchrt. Die Verarbeitung dient somit der Vermeidung des Missbrauchs dieser Website und findet letztendlich anonymisiert statt, somit ergibt die Abw\u00e4gung, dass keine \u00fcberwiegenden Interessen Ihrerseits einer Verarbeitung entgegenstehen (Art. 6 I S. 1 f DSGVO). Es geltend die Datenschutzrichtlinien von Google, diese finden Sie unter: https:\/\/policies.google.com\/privacy?hl=de.<\/p><p><b>5.3 Google Web Fonts<\/b><br \/>Wir nutzen sogenannte Web Fonts der Google Ireland Limited, Gordon House, Barrow Street, Dublin 4, Irland (\u201eGoogle\u201c), um Ihnen eine einheitliche Schriftart auf unserer Website anzeigen zu k\u00f6nnen. Diese werden beim Aufruf einer unserer Seiten automatisch in Ihrem Browsercache gespeichert, um die gew\u00fcnschte Darstellung zu erm\u00f6glichen. Sollte Ihr Browser die genutzten Web Fonts nicht unterst\u00fctzen, wird ggf. eine Standardschrift Ihres Computers verwendet. Hier sind keine Interessen der Nutzer betroffen, welche diese technische Notwendigkeit \u00fcberwiegen (Art. 6 I S. 1 f DSGVO). Die Datenschutzerkl\u00e4rung von Google k\u00f6nnen Sie hier einsehen: https:\/\/www.google.com\/policies\/privacy\/ Weitere Informationen zu Google Web Fonts finden Sie unter https:\/\/developers.google.com\/fonts\/faq<span class=\"Apple-converted-space\">\u00a0<\/span><\/p><p><b style=\"color: var( --e-global-color-text ); font-family: var( --e-global-typography-text-font-family ), Sans-serif; font-size: 1rem;\">5.4 Social-Media-Links<\/b><\/p><p>Wir haben bei den \u00fcber Links von dieser Website zu erreichenden Drittanbietern eigene Social-Media-Seiten. Durch die Nutzung der Links gelangen Sie auf die jeweiligen Internetseiten der Drittanbieter (z.B. Facebook, Twitter). Wir empfehlen zur Vermeidung einer unn\u00f6tigen Datenweitergabe vor der Nutzung eines entsprechenden Links sich selbst bei dem jeweiligen Drittanbieter auszuloggen, damit nicht schon durch die Verwendung des Links u.U. Nutzungsprofile durch den Drittanbieter erstellt werden k\u00f6nnen.<\/p><p><b>6. Kontaktaufnahme<\/b><\/p><p>Zur Kontaktaufnahme bez\u00fcglich des Datenschutzes k\u00f6nnen Sie sich gern an uns unter Verwendung der nachfolgenden Kontaktm\u00f6glichkeiten wenden. Verantwortlicher im Sinne der DSGVO:<\/p><p><b>Autowaschmeile Halstenbek oHG<\/b><br \/>Gewerbering 7<br \/>25469 Halstenbek<br \/>E-Mail: <span style=\"color: #ff0000;\"><a style=\"color: #ff0000;\" href=\"mailto:kontakt@awm-halstenbek.de\">kontakt@awm-halstenbek.de<\/a><\/span><br \/>Telefon: 04101 8055270<\/p>\t\t\t\t\t\t\t\t<\/div>\n\t\t\t\t<\/div>\n\t\t\t\t\t<\/div>\n\t\t<\/div>\n\t\t\t\t\t<\/div>\n\t\t<\/section>\n\t\t\t\t<\/div>\n\t\t","protected":false},"excerpt":{"rendered":"<p>Datenschutzerkl\u00e4rung 1. Allgemeines 1.1 Was sind personenbezogene DatenPersonenbezogene Daten sind Angaben, die die Identit\u00e4t des Nutzers offenlegen oder offenlegen k\u00f6nnen. Wir halten uns an den Grundsatz der Datenvermeidung. Es wird soweit wie m\u00f6glich auf die Erhebung von personenbezogenen Daten verzichtet. 1.2 Umgang mit personenbezogenen DatenPersonenbezogene Daten dienen ausschlie\u00dflich der Vertragsbegr\u00fcndung, inhaltlichen Ausgestaltung, Durchf\u00fchrung oder Abwicklung [&hellip;]<\/p>\n","protected":false},"author":3,"featured_media":0,"parent":0,"menu_order":0,"comment_status":"closed","ping_status":"closed","template":"","meta":{"footnotes":""},"class_list":["post-183","page","type-page","status-publish","hentry"],"_links":{"self":[{"href":"https:\/\/awm-halstenbek.de\/index.php?rest_route=\/wp\/v2\/pages\/183","targetHints":{"allow":["GET"]}}],"collection":[{"href":"https:\/\/awm-halstenbek.de\/index.php?rest_route=\/wp\/v2\/pages"}],"about":[{"href":"https:\/\/awm-halstenbek.de\/index.php?rest_route=\/wp\/v2\/types\/page"}],"author":[{"embeddable":true,"href":"https:\/\/awm-halstenbek.de\/index.php?rest_route=\/wp\/v2\/users\/3"}],"replies":[{"embeddable":true,"href":"https:\/\/awm-halstenbek.de\/index.php?rest_route=%2Fwp%2Fv2%2Fcomments&post=183"}],"version-history":[{"count":24,"href":"https:\/\/awm-halstenbek.de\/index.php?rest_route=\/wp\/v2\/pages\/183\/revisions"}],"predecessor-version":[{"id":864,"href":"https:\/\/awm-halstenbek.de\/index.php?rest_route=\/wp\/v2\/pages\/183\/revisions\/864"}],"wp:attachment":[{"href":"https:\/\/awm-halstenbek.de\/index.php?rest_route=%2Fwp%2Fv2%2Fmedia&parent=183"}],"curies":[{"name":"wp","href":"https:\/\/api.w.org\/{rel}","templated":true}]}}